{"id":613,"date":"2021-08-26T08:05:40","date_gmt":"2021-08-26T08:05:40","guid":{"rendered":"http:\/\/cantas.com.tr\/index.php\/wholesale\/"},"modified":"2021-08-26T08:05:52","modified_gmt":"2021-08-26T08:05:52","slug":"wholesale","status":"publish","type":"page","link":"http:\/\/cantas.com.tr\/index.php\/wholesale\/?lang=en","title":{"rendered":"Wholesale"},"content":{"rendered":"\t\t<div data-elementor-type=\"wp-page\" data-elementor-id=\"613\" class=\"elementor elementor-613 elementor-248\" data-elementor-settings=\"[]\">\n\t\t\t\t\t\t\t<div class=\"elementor-section-wrap\">\n\t\t\t\t\t\t\t<section class=\"elementor-section elementor-top-section elementor-element elementor-element-7572d12 elementor-section-boxed elementor-section-height-default elementor-section-height-default\" data-id=\"7572d12\" data-element_type=\"section\">\n\t\t\t\t\t\t<div class=\"elementor-container elementor-column-gap-default\">\n\t\t\t\t\t<div class=\"elementor-column elementor-col-100 elementor-top-column elementor-element elementor-element-e8c2521\" data-id=\"e8c2521\" data-element_type=\"column\">\n\t\t\t<div class=\"elementor-widget-wrap elementor-element-populated\">\n\t\t\t\t\t\t\t\t<div class=\"elementor-element elementor-element-978f3c8 elementor-widget elementor-widget-heading\" data-id=\"978f3c8\" data-element_type=\"widget\" data-widget_type=\"heading.default\">\n\t\t\t\t<div class=\"elementor-widget-container\">\n\t\t\t<h2 class=\"elementor-heading-title elementor-size-default\">Wholesale<\/h2>\t\t<\/div>\n\t\t\t\t<\/div>\n\t\t\t\t<div class=\"elementor-element elementor-element-a82fd4a elementor-widget elementor-widget-text-editor\" data-id=\"a82fd4a\" data-element_type=\"widget\" data-widget_type=\"text-editor.default\">\n\t\t\t\t<div class=\"elementor-widget-container\">\n\t\t\t\t\t\t\t\t<p>For more information, please fill the form below. Response will be provided as soon as possible.<\/p>\n\t\t\t\t\t\t<\/div>\n\t\t\t\t<\/div>\n\t\t\t\t<div class=\"elementor-element elementor-element-d494703 elementor-widget-divider--view-line elementor-widget elementor-widget-divider\" data-id=\"d494703\" data-element_type=\"widget\" data-widget_type=\"divider.default\">\n\t\t\t\t<div class=\"elementor-widget-container\">\n\t\t\t\t\t<div class=\"elementor-divider\">\n\t\t\t<span class=\"elementor-divider-separator\">\n\t\t\t\t\t\t<\/span>\n\t\t<\/div>\n\t\t\t\t<\/div>\n\t\t\t\t<\/div>\n\t\t\t\t<div class=\"elementor-element elementor-element-400b71b elementor-widget elementor-widget-nm-cf7\" data-id=\"400b71b\" data-element_type=\"widget\" data-widget_type=\"nm-cf7.default\">\n\t\t\t\t<div class=\"elementor-widget-container\">\n\t\t\t<div role=\"form\" class=\"wpcf7\" id=\"wpcf7-f25-o1\" lang=\"tr-TR\" dir=\"ltr\">\n<div class=\"screen-reader-response\"><p role=\"status\" aria-live=\"polite\" aria-atomic=\"true\"><\/p> <ul><\/ul><\/div>\n<form action=\"\/index.php\/wp-json\/wp\/v2\/pages\/613#wpcf7-f25-o1\" method=\"post\" class=\"wpcf7-form init\" novalidate=\"novalidate\" data-status=\"init\">\n<div style=\"display: none;\">\n<input type=\"hidden\" name=\"_wpcf7\" value=\"25\" \/>\n<input type=\"hidden\" name=\"_wpcf7_version\" value=\"5.4.2\" \/>\n<input type=\"hidden\" name=\"_wpcf7_locale\" value=\"tr_TR\" \/>\n<input type=\"hidden\" name=\"_wpcf7_unit_tag\" value=\"wpcf7-f25-o1\" \/>\n<input type=\"hidden\" name=\"_wpcf7_container_post\" value=\"0\" \/>\n<input type=\"hidden\" name=\"_wpcf7_posted_data_hash\" value=\"\" \/>\n<\/div>\n<p><label> Ad Soyad<br \/>\n    <span class=\"wpcf7-form-control-wrap your-name\"><input type=\"text\" name=\"your-name\" value=\"\" size=\"40\" class=\"wpcf7-form-control wpcf7-text wpcf7-validates-as-required\" aria-required=\"true\" aria-invalid=\"false\" \/><\/span> <\/label><\/p>\n<p><label> \u015eirket Ad\u0131<br \/>\n<span class=\"wpcf7-form-control-wrap text-846\"><input type=\"text\" name=\"text-846\" value=\"\" size=\"40\" class=\"wpcf7-form-control wpcf7-text\" aria-invalid=\"false\" placeholder=\"\u015eirket Ad\u0131\" \/><\/span> <\/label><\/p>\n<p><label> Vergi Dairesi<br \/>\n<span class=\"wpcf7-form-control-wrap text-806\"><input type=\"text\" name=\"text-806\" value=\"\" size=\"40\" class=\"wpcf7-form-control wpcf7-text wpcf7-validates-as-required\" aria-required=\"true\" aria-invalid=\"false\" placeholder=\"Vergi Dairesi\" \/><\/span> <\/label><\/p>\n<p><label> Vergi Numaras\u0131<br \/>\n<span class=\"wpcf7-form-control-wrap number-892\"><input type=\"number\" name=\"number-892\" value=\"\" class=\"wpcf7-form-control wpcf7-number wpcf7-validates-as-number\" aria-invalid=\"false\" placeholder=\"Vergi Numaras\u0131\" \/><\/span> <\/label><\/p>\n<p><label> E-posta Adresi<br \/>\n    <span class=\"wpcf7-form-control-wrap your-email\"><input type=\"email\" name=\"your-email\" value=\"\" size=\"40\" class=\"wpcf7-form-control wpcf7-text wpcf7-email wpcf7-validates-as-required wpcf7-validates-as-email\" aria-required=\"true\" aria-invalid=\"false\" \/><\/span> <\/label><\/p>\n<p><label> \u0130lgilendi\u011finiz \u00dcr\u00fcnler<br \/>\n    <span class=\"wpcf7-form-control-wrap your-subject\"><input type=\"text\" name=\"your-subject\" value=\"\" size=\"40\" class=\"wpcf7-form-control wpcf7-text wpcf7-validates-as-required\" aria-required=\"true\" aria-invalid=\"false\" \/><\/span> <\/label><\/p>\n<p><label> Mesaj<br \/>\n    <span class=\"wpcf7-form-control-wrap your-message\"><textarea name=\"your-message\" cols=\"40\" rows=\"10\" class=\"wpcf7-form-control wpcf7-textarea\" aria-invalid=\"false\"><\/textarea><\/span> <\/label><\/p>\n<p><input type=\"submit\" value=\"G\u00f6nder\" class=\"wpcf7-form-control wpcf7-submit\" \/><\/p>\n<div class=\"wpcf7-response-output\" aria-hidden=\"true\"><\/div><\/form><\/div>\t\t<\/div>\n\t\t\t\t<\/div>\n\t\t\t\t\t<\/div>\n\t\t<\/div>\n\t\t\t\t\t\t\t<\/div>\n\t\t<\/section>\n\t\t\t\t\t\t<\/div>\n\t\t\t\t\t<\/div>\n\t\t","protected":false},"excerpt":{"rendered":"<p>Wholesale For more information, please fill the form below. Response will be provided as soon as possible. Ad Soyad \u015eirket Ad\u0131 Vergi Dairesi Vergi Numaras\u0131 E-posta Adresi \u0130lgilendi\u011finiz \u00dcr\u00fcnler Mesaj<\/p>\n","protected":false},"author":1,"featured_media":0,"parent":0,"menu_order":0,"comment_status":"closed","ping_status":"closed","template":"","meta":[],"yoast_head":"<!-- This site is optimized with the Yoast SEO plugin v18.5.1 - https:\/\/yoast.com\/wordpress\/plugins\/seo\/ -->\n<title>Wholesale - Canta\u015f Saraciye<\/title>\n<meta name=\"robots\" content=\"index, follow, max-snippet:-1, max-image-preview:large, max-video-preview:-1\" \/>\n<link rel=\"canonical\" href=\"http:\/\/cantas.com.tr\/index.php\/wholesale\/\" \/>\n<meta property=\"og:locale\" content=\"tr_TR\" \/>\n<meta property=\"og:type\" content=\"article\" \/>\n<meta property=\"og:title\" content=\"Wholesale - Canta\u015f Saraciye\" \/>\n<meta property=\"og:description\" content=\"Wholesale For more information, please fill the form below. Response will be provided as soon as possible. Ad Soyad \u015eirket Ad\u0131 Vergi Dairesi Vergi Numaras\u0131 E-posta Adresi \u0130lgilendi\u011finiz \u00dcr\u00fcnler Mesaj\" \/>\n<meta property=\"og:url\" content=\"http:\/\/cantas.com.tr\/index.php\/wholesale\/?lang=en\" \/>\n<meta property=\"og:site_name\" content=\"Canta\u015f Saraciye\" \/>\n<meta property=\"article:modified_time\" content=\"2021-08-26T08:05:52+00:00\" \/>\n<meta name=\"twitter:card\" content=\"summary_large_image\" \/>\n<script type=\"application\/ld+json\" class=\"yoast-schema-graph\">{\"@context\":\"https:\/\/schema.org\",\"@graph\":[{\"@type\":\"WebSite\",\"@id\":\"http:\/\/cantas.com.tr\/#website\",\"url\":\"http:\/\/cantas.com.tr\/\",\"name\":\"Canta\u015f Saraciye\",\"description\":\"Canta\u015f &Ccedil;anta Valiz C&uuml;zdan\",\"potentialAction\":[{\"@type\":\"SearchAction\",\"target\":{\"@type\":\"EntryPoint\",\"urlTemplate\":\"http:\/\/cantas.com.tr\/?s={search_term_string}\"},\"query-input\":\"required name=search_term_string\"}],\"inLanguage\":\"tr\"},{\"@type\":\"WebPage\",\"@id\":\"http:\/\/cantas.com.tr\/index.php\/wholesale\/?lang=en#webpage\",\"url\":\"http:\/\/cantas.com.tr\/index.php\/wholesale\/?lang=en\",\"name\":\"Wholesale - Canta\u015f Saraciye\",\"isPartOf\":{\"@id\":\"http:\/\/cantas.com.tr\/#website\"},\"datePublished\":\"2021-08-26T08:05:40+00:00\",\"dateModified\":\"2021-08-26T08:05:52+00:00\",\"breadcrumb\":{\"@id\":\"http:\/\/cantas.com.tr\/index.php\/wholesale\/?lang=en#breadcrumb\"},\"inLanguage\":\"tr\",\"potentialAction\":[{\"@type\":\"ReadAction\",\"target\":[\"http:\/\/cantas.com.tr\/index.php\/wholesale\/?lang=en\"]}]},{\"@type\":\"BreadcrumbList\",\"@id\":\"http:\/\/cantas.com.tr\/index.php\/wholesale\/?lang=en#breadcrumb\",\"itemListElement\":[{\"@type\":\"ListItem\",\"position\":1,\"name\":\"Anasayfa\",\"item\":\"http:\/\/cantas.com.tr\/\"},{\"@type\":\"ListItem\",\"position\":2,\"name\":\"Wholesale\"}]}]}<\/script>\n<!-- \/ Yoast SEO plugin. -->","yoast_head_json":{"title":"Wholesale - Canta\u015f Saraciye","robots":{"index":"index","follow":"follow","max-snippet":"max-snippet:-1","max-image-preview":"max-image-preview:large","max-video-preview":"max-video-preview:-1"},"canonical":"http:\/\/cantas.com.tr\/index.php\/wholesale\/","og_locale":"tr_TR","og_type":"article","og_title":"Wholesale - Canta\u015f Saraciye","og_description":"Wholesale For more information, please fill the form below. Response will be provided as soon as possible. Ad Soyad \u015eirket Ad\u0131 Vergi Dairesi Vergi Numaras\u0131 E-posta Adresi \u0130lgilendi\u011finiz \u00dcr\u00fcnler Mesaj","og_url":"http:\/\/cantas.com.tr\/index.php\/wholesale\/?lang=en","og_site_name":"Canta\u015f Saraciye","article_modified_time":"2021-08-26T08:05:52+00:00","twitter_card":"summary_large_image","schema":{"@context":"https:\/\/schema.org","@graph":[{"@type":"WebSite","@id":"http:\/\/cantas.com.tr\/#website","url":"http:\/\/cantas.com.tr\/","name":"Canta\u015f Saraciye","description":"Canta\u015f &Ccedil;anta Valiz C&uuml;zdan","potentialAction":[{"@type":"SearchAction","target":{"@type":"EntryPoint","urlTemplate":"http:\/\/cantas.com.tr\/?s={search_term_string}"},"query-input":"required name=search_term_string"}],"inLanguage":"tr"},{"@type":"WebPage","@id":"http:\/\/cantas.com.tr\/index.php\/wholesale\/?lang=en#webpage","url":"http:\/\/cantas.com.tr\/index.php\/wholesale\/?lang=en","name":"Wholesale - Canta\u015f Saraciye","isPartOf":{"@id":"http:\/\/cantas.com.tr\/#website"},"datePublished":"2021-08-26T08:05:40+00:00","dateModified":"2021-08-26T08:05:52+00:00","breadcrumb":{"@id":"http:\/\/cantas.com.tr\/index.php\/wholesale\/?lang=en#breadcrumb"},"inLanguage":"tr","potentialAction":[{"@type":"ReadAction","target":["http:\/\/cantas.com.tr\/index.php\/wholesale\/?lang=en"]}]},{"@type":"BreadcrumbList","@id":"http:\/\/cantas.com.tr\/index.php\/wholesale\/?lang=en#breadcrumb","itemListElement":[{"@type":"ListItem","position":1,"name":"Anasayfa","item":"http:\/\/cantas.com.tr\/"},{"@type":"ListItem","position":2,"name":"Wholesale"}]}]}},"_links":{"self":[{"href":"http:\/\/cantas.com.tr\/index.php\/wp-json\/wp\/v2\/pages\/613"}],"collection":[{"href":"http:\/\/cantas.com.tr\/index.php\/wp-json\/wp\/v2\/pages"}],"about":[{"href":"http:\/\/cantas.com.tr\/index.php\/wp-json\/wp\/v2\/types\/page"}],"author":[{"embeddable":true,"href":"http:\/\/cantas.com.tr\/index.php\/wp-json\/wp\/v2\/users\/1"}],"replies":[{"embeddable":true,"href":"http:\/\/cantas.com.tr\/index.php\/wp-json\/wp\/v2\/comments?post=613"}],"version-history":[{"count":3,"href":"http:\/\/cantas.com.tr\/index.php\/wp-json\/wp\/v2\/pages\/613\/revisions"}],"predecessor-version":[{"id":616,"href":"http:\/\/cantas.com.tr\/index.php\/wp-json\/wp\/v2\/pages\/613\/revisions\/616"}],"wp:attachment":[{"href":"http:\/\/cantas.com.tr\/index.php\/wp-json\/wp\/v2\/media?parent=613"}],"curies":[{"name":"wp","href":"https:\/\/api.w.org\/{rel}","templated":true}]}}