{"id":42,"date":"2021-07-16T08:33:56","date_gmt":"2021-07-16T08:33:56","guid":{"rendered":"http:\/\/cantas.com.tr\/?page_id=42"},"modified":"2022-04-17T14:42:47","modified_gmt":"2022-04-17T14:42:47","slug":"cantas-canta-valiz-kurumsal","status":"publish","type":"page","link":"http:\/\/cantas.com.tr\/","title":{"rendered":"Canta\u015f \u00c7anta Valiz Kurumsal"},"content":{"rendered":"\t\t<div data-elementor-type=\"wp-page\" data-elementor-id=\"42\" class=\"elementor elementor-42\" data-elementor-settings=\"[]\">\n\t\t\t\t\t\t\t<div class=\"elementor-section-wrap\">\n\t\t\t\t\t\t\t<section class=\"elementor-section elementor-top-section elementor-element elementor-element-f762fda elementor-section-boxed elementor-section-height-default elementor-section-height-default\" data-id=\"f762fda\" data-element_type=\"section\">\n\t\t\t\t\t\t<div class=\"elementor-container elementor-column-gap-default\">\n\t\t\t\t\t<div class=\"elementor-column elementor-col-100 elementor-top-column elementor-element elementor-element-96074eb\" data-id=\"96074eb\" data-element_type=\"column\">\n\t\t\t<div class=\"elementor-widget-wrap elementor-element-populated\">\n\t\t\t\t\t\t\t\t<div class=\"elementor-element elementor-element-371ba4a elementor-invisible elementor-widget elementor-widget-nm-banner-slider\" data-id=\"371ba4a\" data-element_type=\"widget\" data-widget_type=\"nm-banner-slider.default\">\n\t\t\t\t<div class=\"elementor-widget-container\">\n\t\t\t<div class=\"nm-banner-slider plugin-slick pagination-color-gray slick-slider slick-dots-inside has-pagination pagination-mobile-inside pagination-left\" data-adaptive-height=\"true\" data-arrows=\"true\" data-dots=\"true\">\r\n\t\t\t<div class=\"nm-banner content-boxed image-type-css has-alt-image text-color-light subtitle-below\" style=\"\"><a href=\"\" class=\"nm-banner-link nm-banner-link-full\"><div class=\"nm-banner-image\" style=\"height:48vh; background-image:url(http:\/\/cantas.com.tr\/wp-content\/uploads\/2021\/07\/banner1.jpeg);\"><\/div><div class=\"nm-banner-image nm-banner-alt-image\" style=\"height:48vh;background-image:url(http:\/\/cantas.com.tr\/wp-content\/uploads\/2021\/07\/banner1-mob.png);\"><\/div>\r\n\t\t\t\t<div class=\"nm-banner-content\">\r\n\t\t\t\t\t<div class=\"nm-banner-content-inner h_left v_bottom align_left\">\r\n\t\t\t\t\t\t<div class=\"nm-banner-text large\" style=\"max-width:90%; padding:1% 1%;\">\r\n\t\t\t\t\t\t\t<div class=\"nm-banner-text-inner\"><h2 class=\"nm-banner-title\">Ge\u00e7mi\u015ften Gelece\u011fe Canta\u015f Gelene\u011fi<\/h2><h5 class=\"nm-banner-subtitle nm-alt-font\">1957'den beri i\u015f\u00e7ilik, yerli valiz ve imalat ile sizlerin yan\u0131nday\u0131z. Klasik seyahat \u00e7antas\u0131 ve deri \u00fcr\u00fcnleri i\u00e7in do\u011fru adrestesiniz...<\/h5><\/div>\r\n\t\t\t\t\t\t<\/div>\r\n\t\t\t\t\t<\/div>\r\n\t\t\t\t<\/div><\/a>\r\n\t\t\t<\/div><\/div>\t\t<\/div>\n\t\t\t\t<\/div>\n\t\t\t\t\t<\/div>\n\t\t<\/div>\n\t\t\t\t\t\t\t<\/div>\n\t\t<\/section>\n\t\t\t\t<section class=\"elementor-section elementor-top-section elementor-element elementor-element-29990ba elementor-section-boxed elementor-section-height-default elementor-section-height-default\" data-id=\"29990ba\" data-element_type=\"section\">\n\t\t\t\t\t\t<div class=\"elementor-container elementor-column-gap-default\">\n\t\t\t\t\t<div class=\"elementor-column elementor-col-100 elementor-top-column elementor-element elementor-element-1523e29\" data-id=\"1523e29\" data-element_type=\"column\">\n\t\t\t<div class=\"elementor-widget-wrap elementor-element-populated\">\n\t\t\t\t\t\t\t\t<div class=\"elementor-element elementor-element-df820bb elementor-widget elementor-widget-text-editor\" data-id=\"df820bb\" data-element_type=\"widget\" data-widget_type=\"text-editor.default\">\n\t\t\t\t<div class=\"elementor-widget-container\">\n\t\t\t\t\t\t\t\t<p><strong>\u00a0 \u00a0 \u00a0 \u00a0 \u00a0Ge\u00e7mi\u015ften Gelece\u011fe Canta\u015f Gelene\u011fi &#8211; <\/strong>1957&#8217;den beri i\u015f\u00e7ilik, yerli valiz ve imalat ile sizlerin yan\u0131nday\u0131z. Klasik seyahat \u00e7antas\u0131 ve deri \u00fcr\u00fcnleri i\u00e7in do\u011fru adrestesiniz&#8230;<\/p>\t\t\t\t\t\t<\/div>\n\t\t\t\t<\/div>\n\t\t\t\t\t<\/div>\n\t\t<\/div>\n\t\t\t\t\t\t\t<\/div>\n\t\t<\/section>\n\t\t\t\t<section class=\"elementor-section elementor-top-section elementor-element elementor-element-abbec03 elementor-section-boxed elementor-section-height-default elementor-section-height-default\" data-id=\"abbec03\" data-element_type=\"section\">\n\t\t\t\t\t\t<div class=\"elementor-container elementor-column-gap-default\">\n\t\t\t\t\t<div class=\"elementor-column elementor-col-25 elementor-top-column elementor-element elementor-element-4237cc6\" data-id=\"4237cc6\" data-element_type=\"column\">\n\t\t\t<div class=\"elementor-widget-wrap elementor-element-populated\">\n\t\t\t\t\t\t\t\t<div class=\"elementor-element elementor-element-a8b7160 elementor-widget elementor-widget-heading\" data-id=\"a8b7160\" data-element_type=\"widget\" data-widget_type=\"heading.default\">\n\t\t\t\t<div class=\"elementor-widget-container\">\n\t\t\t<h2 class=\"elementor-heading-title elementor-size-default\">Garanti \u015eartlar\u0131<\/h2>\t\t<\/div>\n\t\t\t\t<\/div>\n\t\t\t\t<div class=\"elementor-element elementor-element-cf1b564 elementor-widget elementor-widget-image\" data-id=\"cf1b564\" data-element_type=\"widget\" data-widget_type=\"image.default\">\n\t\t\t\t<div class=\"elementor-widget-container\">\n\t\t\t\t\t\t\t\t\t\t\t\t\t\t\t<img width=\"233\" height=\"90\" src=\"http:\/\/cantas.com.tr\/wp-content\/uploads\/2021\/07\/unnamed.jpg\" class=\"attachment-1536x1536 size-1536x1536\" alt=\"\" loading=\"lazy\" \/>\t\t\t\t\t\t\t\t\t\t\t\t\t\t\t<\/div>\n\t\t\t\t<\/div>\n\t\t\t\t<div class=\"elementor-element elementor-element-7b7f921 elementor-widget elementor-widget-text-editor\" data-id=\"7b7f921\" data-element_type=\"widget\" data-widget_type=\"text-editor.default\">\n\t\t\t\t<div class=\"elementor-widget-container\">\n\t\t\t\t\t\t\t\t<p>Sat\u0131n alm\u0131\u015f oldu\u011funuz her \u00fcr\u00fcn Canta\u015f markas\u0131 ayr\u0131cal\u0131klar\u0131yla firmam\u0131z\u0131n garantisi alt\u0131ndad\u0131r.<\/p>\t\t\t\t\t\t<\/div>\n\t\t\t\t<\/div>\n\t\t\t\t\t<\/div>\n\t\t<\/div>\n\t\t\t\t<div class=\"elementor-column elementor-col-25 elementor-top-column elementor-element elementor-element-9b0cdce\" data-id=\"9b0cdce\" data-element_type=\"column\">\n\t\t\t<div class=\"elementor-widget-wrap elementor-element-populated\">\n\t\t\t\t\t\t\t\t<div class=\"elementor-element elementor-element-aa319d8 elementor-widget elementor-widget-heading\" data-id=\"aa319d8\" data-element_type=\"widget\" data-widget_type=\"heading.default\">\n\t\t\t\t<div class=\"elementor-widget-container\">\n\t\t\t<h2 class=\"elementor-heading-title elementor-size-default\">\u00dcretim \u0130lkeleri<\/h2>\t\t<\/div>\n\t\t\t\t<\/div>\n\t\t\t\t<div class=\"elementor-element elementor-element-05c3baa elementor-widget elementor-widget-image\" data-id=\"05c3baa\" data-element_type=\"widget\" data-widget_type=\"image.default\">\n\t\t\t\t<div class=\"elementor-widget-container\">\n\t\t\t\t\t\t\t\t\t\t\t\t\t\t\t<img width=\"233\" height=\"90\" src=\"http:\/\/cantas.com.tr\/wp-content\/uploads\/2021\/07\/2.jpg\" class=\"attachment-large size-large\" alt=\"\" loading=\"lazy\" \/>\t\t\t\t\t\t\t\t\t\t\t\t\t\t\t<\/div>\n\t\t\t\t<\/div>\n\t\t\t\t<div class=\"elementor-element elementor-element-1f96916 elementor-widget elementor-widget-text-editor\" data-id=\"1f96916\" data-element_type=\"widget\" data-widget_type=\"text-editor.default\">\n\t\t\t\t<div class=\"elementor-widget-container\">\n\t\t\t\t\t\t\t\t<p>\u00dcr\u00fcnlerimiz en \u00fcst d\u00fczey malzeme ve yar\u0131m as\u0131r\u0131 a\u015fan Canta\u015f zanaatkarl\u0131\u011f\u0131 ile \u00fcretilmektedir.<\/p>\t\t\t\t\t\t<\/div>\n\t\t\t\t<\/div>\n\t\t\t\t\t<\/div>\n\t\t<\/div>\n\t\t\t\t<div class=\"elementor-column elementor-col-25 elementor-top-column elementor-element elementor-element-9f83f28\" data-id=\"9f83f28\" data-element_type=\"column\">\n\t\t\t<div class=\"elementor-widget-wrap elementor-element-populated\">\n\t\t\t\t\t\t\t\t<div class=\"elementor-element elementor-element-59bbc5b elementor-widget elementor-widget-heading\" data-id=\"59bbc5b\" data-element_type=\"widget\" data-widget_type=\"heading.default\">\n\t\t\t\t<div class=\"elementor-widget-container\">\n\t\t\t<h2 class=\"elementor-heading-title elementor-size-default\"><a href=\"http:\/\/cantas.com.tr\/index.php\/toptan-satis\/\">Toptan Sat\u0131\u015f<\/a><\/h2>\t\t<\/div>\n\t\t\t\t<\/div>\n\t\t\t\t<div class=\"elementor-element elementor-element-f2926d7 elementor-widget elementor-widget-image\" data-id=\"f2926d7\" data-element_type=\"widget\" data-widget_type=\"image.default\">\n\t\t\t\t<div class=\"elementor-widget-container\">\n\t\t\t\t\t\t\t\t\t\t\t\t\t\t\t\t<a href=\"http:\/\/cantas.com.tr\/index.php\/toptan-satis\/\">\n\t\t\t\t\t\t\t<img width=\"233\" height=\"90\" src=\"http:\/\/cantas.com.tr\/wp-content\/uploads\/2021\/07\/4.jpg\" class=\"attachment-large size-large\" alt=\"\" loading=\"lazy\" \/>\t\t\t\t\t\t\t\t<\/a>\n\t\t\t\t\t\t\t\t\t\t\t\t\t\t\t<\/div>\n\t\t\t\t<\/div>\n\t\t\t\t<div class=\"elementor-element elementor-element-e16c8e5 elementor-widget elementor-widget-text-editor\" data-id=\"e16c8e5\" data-element_type=\"widget\" data-widget_type=\"text-editor.default\">\n\t\t\t\t<div class=\"elementor-widget-container\">\n\t\t\t\t\t\t\t\t<p>Canta\u015f, 50 y\u0131l\u0131 a\u015fan deneyimi ve yenilik\u00e7i yap\u0131s\u0131yla daima en iyiyi sunmay\u0131 hedeflemektedir.<\/p>\t\t\t\t\t\t<\/div>\n\t\t\t\t<\/div>\n\t\t\t\t\t<\/div>\n\t\t<\/div>\n\t\t\t\t<div class=\"elementor-column elementor-col-25 elementor-top-column elementor-element elementor-element-4493fa8\" data-id=\"4493fa8\" data-element_type=\"column\">\n\t\t\t<div class=\"elementor-widget-wrap elementor-element-populated\">\n\t\t\t\t\t\t\t\t<div class=\"elementor-element elementor-element-5b946b5 elementor-widget elementor-widget-heading\" data-id=\"5b946b5\" data-element_type=\"widget\" data-widget_type=\"heading.default\">\n\t\t\t\t<div class=\"elementor-widget-container\">\n\t\t\t<h2 class=\"elementor-heading-title elementor-size-default\"><a href=\"http:\/\/cantas.com.tr\/index.php\/iletisim\/\">Ula\u015f\u0131m <\/a><\/h2>\t\t<\/div>\n\t\t\t\t<\/div>\n\t\t\t\t<div class=\"elementor-element elementor-element-93d0770 elementor-widget elementor-widget-image\" data-id=\"93d0770\" data-element_type=\"widget\" data-widget_type=\"image.default\">\n\t\t\t\t<div class=\"elementor-widget-container\">\n\t\t\t\t\t\t\t\t\t\t\t\t\t\t\t\t<a href=\"http:\/\/cantas.com.tr\/index.php\/iletisim\/\">\n\t\t\t\t\t\t\t<img width=\"233\" height=\"90\" src=\"http:\/\/cantas.com.tr\/wp-content\/uploads\/2021\/07\/3.jpg\" class=\"attachment-large size-large\" alt=\"\" loading=\"lazy\" \/>\t\t\t\t\t\t\t\t<\/a>\n\t\t\t\t\t\t\t\t\t\t\t\t\t\t\t<\/div>\n\t\t\t\t<\/div>\n\t\t\t\t<div class=\"elementor-element elementor-element-2159c51 elementor-widget elementor-widget-text-editor\" data-id=\"2159c51\" data-element_type=\"widget\" data-widget_type=\"text-editor.default\">\n\t\t\t\t<div class=\"elementor-widget-container\">\n\t\t\t\t\t\t\t\t<p>M\u00fc\u015fteri hizmetlerimize (0850) 307 0135 no&#8217;lu telefondan veya cantas@cantas.com.tr adresinden e-posta ile ula\u015fabilirsiniz.<\/p>\t\t\t\t\t\t<\/div>\n\t\t\t\t<\/div>\n\t\t\t\t\t<\/div>\n\t\t<\/div>\n\t\t\t\t\t\t\t<\/div>\n\t\t<\/section>\n\t\t\t\t<section class=\"elementor-section elementor-top-section elementor-element elementor-element-24d6717 elementor-section-boxed elementor-section-height-default elementor-section-height-default\" data-id=\"24d6717\" data-element_type=\"section\">\n\t\t\t\t\t\t<div class=\"elementor-container elementor-column-gap-default\">\n\t\t\t\t\t<div class=\"elementor-column elementor-col-100 elementor-top-column elementor-element elementor-element-bb095a5\" data-id=\"bb095a5\" data-element_type=\"column\">\n\t\t\t<div class=\"elementor-widget-wrap elementor-element-populated\">\n\t\t\t\t\t\t\t\t<div class=\"elementor-element elementor-element-be156a4 elementor-widget elementor-widget-heading\" data-id=\"be156a4\" data-element_type=\"widget\" data-widget_type=\"heading.default\">\n\t\t\t\t<div class=\"elementor-widget-container\">\n\t\t\t<h2 class=\"elementor-heading-title elementor-size-default\">Canta\u015f D\u00fcnyas\u0131na Ho\u015fgeldiniz -<\/h2>\t\t<\/div>\n\t\t\t\t<\/div>\n\t\t\t\t<div class=\"elementor-element elementor-element-56fb0b4 elementor-widget elementor-widget-text-editor\" data-id=\"56fb0b4\" data-element_type=\"widget\" data-widget_type=\"text-editor.default\">\n\t\t\t\t<div class=\"elementor-widget-container\">\n\t\t\t\t\t\t\t\t<p>Fiyat uygunlu\u011fu ve d\u00fcr\u00fcst \u00e7al\u0131\u015fmay\u0131 kendisine ilke edinerek , toplam kalite anlay\u0131\u015f\u0131na sad\u0131k kalarak ve konusunda s\u00fcrekli ara\u015ft\u0131rma, geli\u015ftirme, kalite ve \u00fcretim standartlar\u0131na uyarak \u00fcretimde se\u00e7kin bir isme sahip olmu\u015ftur.\u00a0 Firmam\u0131z sat\u0131\u015f organizasyonunu profesyonelce yap\u0131p; sat\u0131\u015f ve sonras\u0131 hizmette sizleri zor durumda b\u0131rakmayacak \u015fekilde, \u00fcr\u00fcnlerine sahip \u00e7\u0131karak t\u00fcm enerjisi ile \u00e7al\u0131\u015fmaktad\u0131r.\u00a0<\/p>\t\t\t\t\t\t<\/div>\n\t\t\t\t<\/div>\n\t\t\t\t\t<\/div>\n\t\t<\/div>\n\t\t\t\t\t\t\t<\/div>\n\t\t<\/section>\n\t\t\t\t<section class=\"elementor-section elementor-top-section elementor-element elementor-element-7c0b5af elementor-section-boxed elementor-section-height-default elementor-section-height-default\" data-id=\"7c0b5af\" data-element_type=\"section\">\n\t\t\t\t\t\t<div class=\"elementor-container elementor-column-gap-default\">\n\t\t\t\t\t<div class=\"elementor-column elementor-col-100 elementor-top-column elementor-element elementor-element-fa5b347\" data-id=\"fa5b347\" data-element_type=\"column\">\n\t\t\t<div class=\"elementor-widget-wrap elementor-element-populated\">\n\t\t\t\t\t\t\t\t<div class=\"elementor-element elementor-element-7aedb29 elementor-widget elementor-widget-image\" data-id=\"7aedb29\" data-element_type=\"widget\" data-widget_type=\"image.default\">\n\t\t\t\t<div class=\"elementor-widget-container\">\n\t\t\t\t\t\t\t\t\t\t\t\t\t\t\t<img width=\"300\" height=\"42\" src=\"http:\/\/cantas.com.tr\/wp-content\/uploads\/2021\/07\/unname-300x42.png\" class=\"attachment-medium size-medium\" alt=\"\" loading=\"lazy\" srcset=\"http:\/\/cantas.com.tr\/wp-content\/uploads\/2021\/07\/unname-300x42.png 300w, http:\/\/cantas.com.tr\/wp-content\/uploads\/2021\/07\/unname-350x49.png 350w, http:\/\/cantas.com.tr\/wp-content\/uploads\/2021\/07\/unname.png 416w\" sizes=\"(max-width: 300px) 100vw, 300px\" \/>\t\t\t\t\t\t\t\t\t\t\t\t\t\t\t<\/div>\n\t\t\t\t<\/div>\n\t\t\t\t<div class=\"elementor-element elementor-element-9e20ad6 elementor-widget elementor-widget-heading\" data-id=\"9e20ad6\" data-element_type=\"widget\" data-widget_type=\"heading.default\">\n\t\t\t\t<div class=\"elementor-widget-container\">\n\t\t\t<h5 class=\"elementor-heading-title elementor-size-default\">Canta\u015f - Copyright 2021<\/h5>\t\t<\/div>\n\t\t\t\t<\/div>\n\t\t\t\t<div class=\"elementor-element elementor-element-0cf7f4f elementor-widget elementor-widget-text-editor\" data-id=\"0cf7f4f\" data-element_type=\"widget\" data-widget_type=\"text-editor.default\">\n\t\t\t\t<div class=\"elementor-widget-container\">\n\t\t\t\t\t\t\t\t<p>{cantas@cantas.com.tr} {www.cantas.com.tr}<\/p><p>\u00a0<\/p>\t\t\t\t\t\t<\/div>\n\t\t\t\t<\/div>\n\t\t\t\t\t<\/div>\n\t\t<\/div>\n\t\t\t\t\t\t\t<\/div>\n\t\t<\/section>\n\t\t\t\t<section class=\"elementor-section elementor-top-section elementor-element elementor-element-e4e1c5c elementor-section-boxed elementor-section-height-default elementor-section-height-default\" data-id=\"e4e1c5c\" data-element_type=\"section\">\n\t\t\t\t\t\t<div class=\"elementor-container elementor-column-gap-default\">\n\t\t\t\t\t<div class=\"elementor-column elementor-col-100 elementor-top-column elementor-element elementor-element-f50e09f\" data-id=\"f50e09f\" data-element_type=\"column\">\n\t\t\t<div class=\"elementor-widget-wrap\">\n\t\t\t\t\t\t\t\t\t<\/div>\n\t\t<\/div>\n\t\t\t\t\t\t\t<\/div>\n\t\t<\/section>\n\t\t\t\t\t\t<\/div>\n\t\t\t\t\t<\/div>\n\t\t","protected":false},"excerpt":{"rendered":"<p>Ge\u00e7mi\u015ften Gelece\u011fe Canta\u015f Gelene\u011fi 1957&#8217;den beri i\u015f\u00e7ilik, yerli valiz ve imalat ile sizlerin yan\u0131nday\u0131z. Klasik seyahat \u00e7antas\u0131 ve deri \u00fcr\u00fcnleri i\u00e7in do\u011fru adrestesiniz&#8230; &nbsp; &nbsp; &nbsp; &nbsp; &nbsp;Ge\u00e7mi\u015ften Gelece\u011fe Canta\u015f Gelene\u011fi &#8211; 1957&#8217;den beri i\u015f\u00e7ilik, yerli valiz ve imalat ile sizlerin yan\u0131nday\u0131z. Klasik seyahat \u00e7antas\u0131 ve deri \u00fcr\u00fcnleri i\u00e7in do\u011fru adrestesiniz&#8230; Garanti \u015eartlar\u0131 Sat\u0131n alm\u0131\u015f &hellip;<\/p>\n","protected":false},"author":1,"featured_media":0,"parent":0,"menu_order":0,"comment_status":"closed","ping_status":"closed","template":"","meta":[],"yoast_head":"<!-- This site is optimized with the Yoast SEO plugin v18.5.1 - https:\/\/yoast.com\/wordpress\/plugins\/seo\/ -->\n<title>Canta\u015f \u00c7anta Valiz Kurumsal - Canta\u015f Saraciye<\/title>\n<meta name=\"description\" content=\"Canta\u015f, 50 y\u0131l\u0131 a\u015fan deneyimi ve yenilik\u00e7i yap\u0131s\u0131yla daima en iyiyi sunmay\u0131 hedeflemektedir.\" \/>\n<meta name=\"robots\" content=\"index, follow, max-snippet:-1, max-image-preview:large, max-video-preview:-1\" \/>\n<link rel=\"canonical\" href=\"http:\/\/cantas.com.tr\/\" \/>\n<meta property=\"og:locale\" content=\"tr_TR\" \/>\n<meta property=\"og:type\" content=\"article\" \/>\n<meta property=\"og:title\" content=\"Canta\u015f \u00c7anta Valiz Kurumsal - Canta\u015f Saraciye\" \/>\n<meta property=\"og:description\" content=\"Canta\u015f, 50 y\u0131l\u0131 a\u015fan deneyimi ve yenilik\u00e7i yap\u0131s\u0131yla daima en iyiyi sunmay\u0131 hedeflemektedir.\" \/>\n<meta property=\"og:url\" content=\"http:\/\/cantas.com.tr\/\" \/>\n<meta property=\"og:site_name\" content=\"Canta\u015f Saraciye\" \/>\n<meta property=\"article:modified_time\" content=\"2022-04-17T14:42:47+00:00\" \/>\n<meta property=\"og:image\" content=\"http:\/\/cantas.com.tr\/wp-content\/uploads\/2021\/07\/unnamed.jpg\" \/>\n<meta name=\"twitter:card\" content=\"summary_large_image\" \/>\n<meta name=\"twitter:label1\" content=\"Tahmini okuma s\u00fcresi\" \/>\n\t<meta name=\"twitter:data1\" content=\"2 dakika\" \/>\n<script type=\"application\/ld+json\" class=\"yoast-schema-graph\">{\"@context\":\"https:\/\/schema.org\",\"@graph\":[{\"@type\":\"WebSite\",\"@id\":\"http:\/\/cantas.com.tr\/#website\",\"url\":\"http:\/\/cantas.com.tr\/\",\"name\":\"Canta\u015f Saraciye\",\"description\":\"Canta\u015f &Ccedil;anta Valiz C&uuml;zdan\",\"potentialAction\":[{\"@type\":\"SearchAction\",\"target\":{\"@type\":\"EntryPoint\",\"urlTemplate\":\"http:\/\/cantas.com.tr\/?s={search_term_string}\"},\"query-input\":\"required name=search_term_string\"}],\"inLanguage\":\"tr\"},{\"@type\":\"ImageObject\",\"@id\":\"http:\/\/cantas.com.tr\/#primaryimage\",\"inLanguage\":\"tr\",\"url\":\"http:\/\/cantas.com.tr\/wp-content\/uploads\/2021\/07\/unnamed.jpg\",\"contentUrl\":\"http:\/\/cantas.com.tr\/wp-content\/uploads\/2021\/07\/unnamed.jpg\",\"width\":233,\"height\":90},{\"@type\":\"WebPage\",\"@id\":\"http:\/\/cantas.com.tr\/#webpage\",\"url\":\"http:\/\/cantas.com.tr\/\",\"name\":\"Canta\u015f \u00c7anta Valiz Kurumsal - Canta\u015f Saraciye\",\"isPartOf\":{\"@id\":\"http:\/\/cantas.com.tr\/#website\"},\"primaryImageOfPage\":{\"@id\":\"http:\/\/cantas.com.tr\/#primaryimage\"},\"datePublished\":\"2021-07-16T08:33:56+00:00\",\"dateModified\":\"2022-04-17T14:42:47+00:00\",\"description\":\"Canta\u015f, 50 y\u0131l\u0131 a\u015fan deneyimi ve yenilik\u00e7i yap\u0131s\u0131yla daima en iyiyi sunmay\u0131 hedeflemektedir.\",\"breadcrumb\":{\"@id\":\"http:\/\/cantas.com.tr\/#breadcrumb\"},\"inLanguage\":\"tr\",\"potentialAction\":[{\"@type\":\"ReadAction\",\"target\":[\"http:\/\/cantas.com.tr\/\"]}]},{\"@type\":\"BreadcrumbList\",\"@id\":\"http:\/\/cantas.com.tr\/#breadcrumb\",\"itemListElement\":[{\"@type\":\"ListItem\",\"position\":1,\"name\":\"Anasayfa\",\"item\":\"http:\/\/cantas.com.tr\/\"},{\"@type\":\"ListItem\",\"position\":2,\"name\":\"Canta\u015f \u00c7anta Valiz Kurumsal\"}]}]}<\/script>\n<!-- \/ Yoast SEO plugin. -->","yoast_head_json":{"title":"Canta\u015f \u00c7anta Valiz Kurumsal - Canta\u015f Saraciye","description":"Canta\u015f, 50 y\u0131l\u0131 a\u015fan deneyimi ve yenilik\u00e7i yap\u0131s\u0131yla daima en iyiyi sunmay\u0131 hedeflemektedir.","robots":{"index":"index","follow":"follow","max-snippet":"max-snippet:-1","max-image-preview":"max-image-preview:large","max-video-preview":"max-video-preview:-1"},"canonical":"http:\/\/cantas.com.tr\/","og_locale":"tr_TR","og_type":"article","og_title":"Canta\u015f \u00c7anta Valiz Kurumsal - Canta\u015f Saraciye","og_description":"Canta\u015f, 50 y\u0131l\u0131 a\u015fan deneyimi ve yenilik\u00e7i yap\u0131s\u0131yla daima en iyiyi sunmay\u0131 hedeflemektedir.","og_url":"http:\/\/cantas.com.tr\/","og_site_name":"Canta\u015f Saraciye","article_modified_time":"2022-04-17T14:42:47+00:00","og_image":[{"url":"http:\/\/cantas.com.tr\/wp-content\/uploads\/2021\/07\/unnamed.jpg"}],"twitter_card":"summary_large_image","twitter_misc":{"Tahmini okuma s\u00fcresi":"2 dakika"},"schema":{"@context":"https:\/\/schema.org","@graph":[{"@type":"WebSite","@id":"http:\/\/cantas.com.tr\/#website","url":"http:\/\/cantas.com.tr\/","name":"Canta\u015f Saraciye","description":"Canta\u015f &Ccedil;anta Valiz C&uuml;zdan","potentialAction":[{"@type":"SearchAction","target":{"@type":"EntryPoint","urlTemplate":"http:\/\/cantas.com.tr\/?s={search_term_string}"},"query-input":"required name=search_term_string"}],"inLanguage":"tr"},{"@type":"ImageObject","@id":"http:\/\/cantas.com.tr\/#primaryimage","inLanguage":"tr","url":"http:\/\/cantas.com.tr\/wp-content\/uploads\/2021\/07\/unnamed.jpg","contentUrl":"http:\/\/cantas.com.tr\/wp-content\/uploads\/2021\/07\/unnamed.jpg","width":233,"height":90},{"@type":"WebPage","@id":"http:\/\/cantas.com.tr\/#webpage","url":"http:\/\/cantas.com.tr\/","name":"Canta\u015f \u00c7anta Valiz Kurumsal - Canta\u015f Saraciye","isPartOf":{"@id":"http:\/\/cantas.com.tr\/#website"},"primaryImageOfPage":{"@id":"http:\/\/cantas.com.tr\/#primaryimage"},"datePublished":"2021-07-16T08:33:56+00:00","dateModified":"2022-04-17T14:42:47+00:00","description":"Canta\u015f, 50 y\u0131l\u0131 a\u015fan deneyimi ve yenilik\u00e7i yap\u0131s\u0131yla daima en iyiyi sunmay\u0131 hedeflemektedir.","breadcrumb":{"@id":"http:\/\/cantas.com.tr\/#breadcrumb"},"inLanguage":"tr","potentialAction":[{"@type":"ReadAction","target":["http:\/\/cantas.com.tr\/"]}]},{"@type":"BreadcrumbList","@id":"http:\/\/cantas.com.tr\/#breadcrumb","itemListElement":[{"@type":"ListItem","position":1,"name":"Anasayfa","item":"http:\/\/cantas.com.tr\/"},{"@type":"ListItem","position":2,"name":"Canta\u015f \u00c7anta Valiz Kurumsal"}]}]}},"_links":{"self":[{"href":"http:\/\/cantas.com.tr\/index.php\/wp-json\/wp\/v2\/pages\/42"}],"collection":[{"href":"http:\/\/cantas.com.tr\/index.php\/wp-json\/wp\/v2\/pages"}],"about":[{"href":"http:\/\/cantas.com.tr\/index.php\/wp-json\/wp\/v2\/types\/page"}],"author":[{"embeddable":true,"href":"http:\/\/cantas.com.tr\/index.php\/wp-json\/wp\/v2\/users\/1"}],"replies":[{"embeddable":true,"href":"http:\/\/cantas.com.tr\/index.php\/wp-json\/wp\/v2\/comments?post=42"}],"version-history":[{"count":61,"href":"http:\/\/cantas.com.tr\/index.php\/wp-json\/wp\/v2\/pages\/42\/revisions"}],"predecessor-version":[{"id":659,"href":"http:\/\/cantas.com.tr\/index.php\/wp-json\/wp\/v2\/pages\/42\/revisions\/659"}],"wp:attachment":[{"href":"http:\/\/cantas.com.tr\/index.php\/wp-json\/wp\/v2\/media?parent=42"}],"curies":[{"name":"wp","href":"https:\/\/api.w.org\/{rel}","templated":true}]}}