{"id":355,"date":"2021-08-26T07:50:48","date_gmt":"2021-08-26T07:50:48","guid":{"rendered":"http:\/\/cantas.com.tr\/index.php\/about-us\/"},"modified":"2021-08-26T07:50:50","modified_gmt":"2021-08-26T07:50:50","slug":"about-us","status":"publish","type":"page","link":"http:\/\/cantas.com.tr\/index.php\/about-us\/?lang=en","title":{"rendered":"About Us"},"content":{"rendered":"\t\t<div data-elementor-type=\"wp-page\" data-elementor-id=\"355\" class=\"elementor elementor-355 elementor-242\" data-elementor-settings=\"[]\">\n\t\t\t\t\t\t\t<div class=\"elementor-section-wrap\">\n\t\t\t\t\t\t\t<section class=\"elementor-section elementor-top-section elementor-element elementor-element-92b2718 elementor-section-boxed elementor-section-height-default elementor-section-height-default\" data-id=\"92b2718\" data-element_type=\"section\">\n\t\t\t\t\t\t<div class=\"elementor-container elementor-column-gap-default\">\n\t\t\t\t\t<div class=\"elementor-column elementor-col-50 elementor-top-column elementor-element elementor-element-8d03594\" data-id=\"8d03594\" data-element_type=\"column\">\n\t\t\t<div class=\"elementor-widget-wrap elementor-element-populated\">\n\t\t\t\t\t\t\t\t<div class=\"elementor-element elementor-element-39a8ff5 elementor-widget elementor-widget-heading\" data-id=\"39a8ff5\" data-element_type=\"widget\" data-widget_type=\"heading.default\">\n\t\t\t\t<div class=\"elementor-widget-container\">\n\t\t\t<h2 class=\"elementor-heading-title elementor-size-default\">Our Story<\/h2>\t\t<\/div>\n\t\t\t\t<\/div>\n\t\t\t\t<div class=\"elementor-element elementor-element-0868715 elementor-widget elementor-widget-text-editor\" data-id=\"0868715\" data-element_type=\"widget\" data-widget_type=\"text-editor.default\">\n\t\t\t\t<div class=\"elementor-widget-container\">\n\t\t\t\t\t\t\t\t<p>Cantas was founded by Sezai and Lifai Canta\u015f in 1957 as a luggage manufacturing facility. Cantas, being one of the first luggage manufacturers in Turkey , has continued its growth by producing wallets and briefcases.<\/p>\n<p>Canta\u015f still provides service in the production of bags and suitcases on Mercan slope, with its wholesale and retail stores in Emin\u00f6n\u00fc.<br \/>The first suitcase store was opened in Sirkeci \/ Emin\u00f6n\u00fc and still continues to operate.<\/p>\n<p>Cantas continues its operations under the name of Cantas Saraciye Mamulleri San. ve Tic. A.S. since 1984.<\/p>\n\t\t\t\t\t\t<\/div>\n\t\t\t\t<\/div>\n\t\t\t\t\t<\/div>\n\t\t<\/div>\n\t\t\t\t<div class=\"elementor-column elementor-col-50 elementor-top-column elementor-element elementor-element-ed2a0be\" data-id=\"ed2a0be\" data-element_type=\"column\">\n\t\t\t<div class=\"elementor-widget-wrap elementor-element-populated\">\n\t\t\t\t\t\t\t\t<div class=\"elementor-element elementor-element-c5ef014 elementor-widget__width-initial elementor-widget elementor-widget-image\" data-id=\"c5ef014\" data-element_type=\"widget\" data-widget_type=\"image.default\">\n\t\t\t\t<div class=\"elementor-widget-container\">\n\t\t\t\t\t\t\t\t\t\t\t\t\t\t\t<img width=\"1024\" height=\"419\" src=\"http:\/\/cantas.com.tr\/wp-content\/uploads\/2021\/07\/canta-valiz-uretimi-1024x419-1.jpg\" class=\"attachment-large size-large\" alt=\"\" loading=\"lazy\" srcset=\"http:\/\/cantas.com.tr\/wp-content\/uploads\/2021\/07\/canta-valiz-uretimi-1024x419-1.jpg 1024w, http:\/\/cantas.com.tr\/wp-content\/uploads\/2021\/07\/canta-valiz-uretimi-1024x419-1-300x123.jpg 300w, http:\/\/cantas.com.tr\/wp-content\/uploads\/2021\/07\/canta-valiz-uretimi-1024x419-1-768x314.jpg 768w, http:\/\/cantas.com.tr\/wp-content\/uploads\/2021\/07\/canta-valiz-uretimi-1024x419-1-350x143.jpg 350w, http:\/\/cantas.com.tr\/wp-content\/uploads\/2021\/07\/canta-valiz-uretimi-1024x419-1-680x278.jpg 680w\" sizes=\"(max-width: 1024px) 100vw, 1024px\" \/>\t\t\t\t\t\t\t\t\t\t\t\t\t\t\t<\/div>\n\t\t\t\t<\/div>\n\t\t\t\t\t<\/div>\n\t\t<\/div>\n\t\t\t\t\t\t\t<\/div>\n\t\t<\/section>\n\t\t\t\t<section class=\"elementor-section elementor-top-section elementor-element elementor-element-54b7c88 elementor-section-boxed elementor-section-height-default elementor-section-height-default\" data-id=\"54b7c88\" data-element_type=\"section\">\n\t\t\t\t\t\t<div class=\"elementor-container elementor-column-gap-default\">\n\t\t\t\t\t<div class=\"elementor-column elementor-col-100 elementor-top-column elementor-element elementor-element-f7f3d73\" data-id=\"f7f3d73\" data-element_type=\"column\">\n\t\t\t<div class=\"elementor-widget-wrap elementor-element-populated\">\n\t\t\t\t\t\t\t\t<div class=\"elementor-element elementor-element-35ecd59 elementor-widget elementor-widget-text-editor\" data-id=\"35ecd59\" data-element_type=\"widget\" data-widget_type=\"text-editor.default\">\n\t\t\t\t<div class=\"elementor-widget-container\">\n\t\t\t\t\t\t\t\t<p>It started to export to Germany in 1989 and to various countries in the following years and still continues.<\/p>\n<p>After 1995, it started to open a retail store in order to reach the consumer directly.<\/p>\n<p>Canta\u015f, which still continues its production in G\u00fcne\u015fli \/ Ba\u011fc\u0131lar factory; It continues to serve its customers in its retail stores on Sirkeci, Beylikd\u00fcz\u00fc and Mercan slopes.<\/p>\n\t\t\t\t\t\t<\/div>\n\t\t\t\t<\/div>\n\t\t\t\t\t<\/div>\n\t\t<\/div>\n\t\t\t\t\t\t\t<\/div>\n\t\t<\/section>\n\t\t\t\t\t\t<\/div>\n\t\t\t\t\t<\/div>\n\t\t","protected":false},"excerpt":{"rendered":"<p>Our Story Cantas was founded by Sezai and Lifai Canta\u015f in 1957 as a luggage manufacturing facility. Cantas, being one of the first luggage manufacturers in Turkey , has continued its growth by producing wallets and briefcases. Canta\u015f still provides service in the production of bags and suitcases on Mercan slope, with its wholesale and &hellip;<\/p>\n","protected":false},"author":1,"featured_media":0,"parent":0,"menu_order":0,"comment_status":"closed","ping_status":"closed","template":"","meta":[],"yoast_head":"<!-- This site is optimized with the Yoast SEO plugin v18.5.1 - https:\/\/yoast.com\/wordpress\/plugins\/seo\/ -->\n<title>About Us - Canta\u015f Saraciye<\/title>\n<meta name=\"robots\" content=\"index, follow, max-snippet:-1, max-image-preview:large, max-video-preview:-1\" \/>\n<link rel=\"canonical\" href=\"http:\/\/cantas.com.tr\/index.php\/about-us\/\" \/>\n<meta property=\"og:locale\" content=\"tr_TR\" \/>\n<meta property=\"og:type\" content=\"article\" \/>\n<meta property=\"og:title\" content=\"About Us - Canta\u015f Saraciye\" \/>\n<meta property=\"og:description\" content=\"Our Story Cantas was founded by Sezai and Lifai Canta\u015f in 1957 as a luggage manufacturing facility. Cantas, being one of the first luggage manufacturers in Turkey , has continued its growth by producing wallets and briefcases. Canta\u015f still provides service in the production of bags and suitcases on Mercan slope, with its wholesale and &hellip;\" \/>\n<meta property=\"og:url\" content=\"http:\/\/cantas.com.tr\/index.php\/about-us\/?lang=en\" \/>\n<meta property=\"og:site_name\" content=\"Canta\u015f Saraciye\" \/>\n<meta property=\"article:modified_time\" content=\"2021-08-26T07:50:50+00:00\" \/>\n<meta property=\"og:image\" content=\"http:\/\/cantas.com.tr\/wp-content\/uploads\/2021\/07\/canta-valiz-uretimi-1024x419-1.jpg\" \/>\n<meta name=\"twitter:card\" content=\"summary_large_image\" \/>\n<meta name=\"twitter:label1\" content=\"Tahmini okuma s\u00fcresi\" \/>\n\t<meta name=\"twitter:data1\" content=\"1 dakika\" \/>\n<script type=\"application\/ld+json\" class=\"yoast-schema-graph\">{\"@context\":\"https:\/\/schema.org\",\"@graph\":[{\"@type\":\"WebSite\",\"@id\":\"http:\/\/cantas.com.tr\/#website\",\"url\":\"http:\/\/cantas.com.tr\/\",\"name\":\"Canta\u015f Saraciye\",\"description\":\"Canta\u015f &Ccedil;anta Valiz C&uuml;zdan\",\"potentialAction\":[{\"@type\":\"SearchAction\",\"target\":{\"@type\":\"EntryPoint\",\"urlTemplate\":\"http:\/\/cantas.com.tr\/?s={search_term_string}\"},\"query-input\":\"required name=search_term_string\"}],\"inLanguage\":\"tr\"},{\"@type\":\"ImageObject\",\"@id\":\"http:\/\/cantas.com.tr\/index.php\/about-us\/?lang=en#primaryimage\",\"inLanguage\":\"tr\",\"url\":\"http:\/\/cantas.com.tr\/wp-content\/uploads\/2021\/07\/canta-valiz-uretimi-1024x419-1.jpg\",\"contentUrl\":\"http:\/\/cantas.com.tr\/wp-content\/uploads\/2021\/07\/canta-valiz-uretimi-1024x419-1.jpg\",\"width\":1024,\"height\":419},{\"@type\":\"WebPage\",\"@id\":\"http:\/\/cantas.com.tr\/index.php\/about-us\/?lang=en#webpage\",\"url\":\"http:\/\/cantas.com.tr\/index.php\/about-us\/?lang=en\",\"name\":\"About Us - Canta\u015f Saraciye\",\"isPartOf\":{\"@id\":\"http:\/\/cantas.com.tr\/#website\"},\"primaryImageOfPage\":{\"@id\":\"http:\/\/cantas.com.tr\/index.php\/about-us\/?lang=en#primaryimage\"},\"datePublished\":\"2021-08-26T07:50:48+00:00\",\"dateModified\":\"2021-08-26T07:50:50+00:00\",\"breadcrumb\":{\"@id\":\"http:\/\/cantas.com.tr\/index.php\/about-us\/?lang=en#breadcrumb\"},\"inLanguage\":\"tr\",\"potentialAction\":[{\"@type\":\"ReadAction\",\"target\":[\"http:\/\/cantas.com.tr\/index.php\/about-us\/?lang=en\"]}]},{\"@type\":\"BreadcrumbList\",\"@id\":\"http:\/\/cantas.com.tr\/index.php\/about-us\/?lang=en#breadcrumb\",\"itemListElement\":[{\"@type\":\"ListItem\",\"position\":1,\"name\":\"Anasayfa\",\"item\":\"http:\/\/cantas.com.tr\/\"},{\"@type\":\"ListItem\",\"position\":2,\"name\":\"About Us\"}]}]}<\/script>\n<!-- \/ Yoast SEO plugin. -->","yoast_head_json":{"title":"About Us - Canta\u015f Saraciye","robots":{"index":"index","follow":"follow","max-snippet":"max-snippet:-1","max-image-preview":"max-image-preview:large","max-video-preview":"max-video-preview:-1"},"canonical":"http:\/\/cantas.com.tr\/index.php\/about-us\/","og_locale":"tr_TR","og_type":"article","og_title":"About Us - Canta\u015f Saraciye","og_description":"Our Story Cantas was founded by Sezai and Lifai Canta\u015f in 1957 as a luggage manufacturing facility. Cantas, being one of the first luggage manufacturers in Turkey , has continued its growth by producing wallets and briefcases. Canta\u015f still provides service in the production of bags and suitcases on Mercan slope, with its wholesale and &hellip;","og_url":"http:\/\/cantas.com.tr\/index.php\/about-us\/?lang=en","og_site_name":"Canta\u015f Saraciye","article_modified_time":"2021-08-26T07:50:50+00:00","og_image":[{"url":"http:\/\/cantas.com.tr\/wp-content\/uploads\/2021\/07\/canta-valiz-uretimi-1024x419-1.jpg"}],"twitter_card":"summary_large_image","twitter_misc":{"Tahmini okuma s\u00fcresi":"1 dakika"},"schema":{"@context":"https:\/\/schema.org","@graph":[{"@type":"WebSite","@id":"http:\/\/cantas.com.tr\/#website","url":"http:\/\/cantas.com.tr\/","name":"Canta\u015f Saraciye","description":"Canta\u015f &Ccedil;anta Valiz C&uuml;zdan","potentialAction":[{"@type":"SearchAction","target":{"@type":"EntryPoint","urlTemplate":"http:\/\/cantas.com.tr\/?s={search_term_string}"},"query-input":"required name=search_term_string"}],"inLanguage":"tr"},{"@type":"ImageObject","@id":"http:\/\/cantas.com.tr\/index.php\/about-us\/?lang=en#primaryimage","inLanguage":"tr","url":"http:\/\/cantas.com.tr\/wp-content\/uploads\/2021\/07\/canta-valiz-uretimi-1024x419-1.jpg","contentUrl":"http:\/\/cantas.com.tr\/wp-content\/uploads\/2021\/07\/canta-valiz-uretimi-1024x419-1.jpg","width":1024,"height":419},{"@type":"WebPage","@id":"http:\/\/cantas.com.tr\/index.php\/about-us\/?lang=en#webpage","url":"http:\/\/cantas.com.tr\/index.php\/about-us\/?lang=en","name":"About Us - Canta\u015f Saraciye","isPartOf":{"@id":"http:\/\/cantas.com.tr\/#website"},"primaryImageOfPage":{"@id":"http:\/\/cantas.com.tr\/index.php\/about-us\/?lang=en#primaryimage"},"datePublished":"2021-08-26T07:50:48+00:00","dateModified":"2021-08-26T07:50:50+00:00","breadcrumb":{"@id":"http:\/\/cantas.com.tr\/index.php\/about-us\/?lang=en#breadcrumb"},"inLanguage":"tr","potentialAction":[{"@type":"ReadAction","target":["http:\/\/cantas.com.tr\/index.php\/about-us\/?lang=en"]}]},{"@type":"BreadcrumbList","@id":"http:\/\/cantas.com.tr\/index.php\/about-us\/?lang=en#breadcrumb","itemListElement":[{"@type":"ListItem","position":1,"name":"Anasayfa","item":"http:\/\/cantas.com.tr\/"},{"@type":"ListItem","position":2,"name":"About Us"}]}]}},"_links":{"self":[{"href":"http:\/\/cantas.com.tr\/index.php\/wp-json\/wp\/v2\/pages\/355"}],"collection":[{"href":"http:\/\/cantas.com.tr\/index.php\/wp-json\/wp\/v2\/pages"}],"about":[{"href":"http:\/\/cantas.com.tr\/index.php\/wp-json\/wp\/v2\/types\/page"}],"author":[{"embeddable":true,"href":"http:\/\/cantas.com.tr\/index.php\/wp-json\/wp\/v2\/users\/1"}],"replies":[{"embeddable":true,"href":"http:\/\/cantas.com.tr\/index.php\/wp-json\/wp\/v2\/comments?post=355"}],"version-history":[{"count":3,"href":"http:\/\/cantas.com.tr\/index.php\/wp-json\/wp\/v2\/pages\/355\/revisions"}],"predecessor-version":[{"id":360,"href":"http:\/\/cantas.com.tr\/index.php\/wp-json\/wp\/v2\/pages\/355\/revisions\/360"}],"wp:attachment":[{"href":"http:\/\/cantas.com.tr\/index.php\/wp-json\/wp\/v2\/media?parent=355"}],"curies":[{"name":"wp","href":"https:\/\/api.w.org\/{rel}","templated":true}]}}