{"id":346,"date":"2021-08-26T07:41:46","date_gmt":"2021-08-26T07:41:46","guid":{"rendered":"http:\/\/cantas.com.tr\/index.php\/contact-us\/"},"modified":"2021-08-26T07:41:49","modified_gmt":"2021-08-26T07:41:49","slug":"contact-us","status":"publish","type":"page","link":"http:\/\/cantas.com.tr\/index.php\/contact-us\/?lang=en","title":{"rendered":"Contact Us"},"content":{"rendered":"\t\t<div data-elementor-type=\"wp-page\" data-elementor-id=\"346\" class=\"elementor elementor-346 elementor-253\" data-elementor-settings=\"[]\">\n\t\t\t\t\t\t\t<div class=\"elementor-section-wrap\">\n\t\t\t\t\t\t\t<section class=\"elementor-section elementor-top-section elementor-element elementor-element-49b08ea elementor-section-boxed elementor-section-height-default elementor-section-height-default\" data-id=\"49b08ea\" data-element_type=\"section\">\n\t\t\t\t\t\t<div class=\"elementor-container elementor-column-gap-default\">\n\t\t\t\t\t<div class=\"elementor-column elementor-col-100 elementor-top-column elementor-element elementor-element-c45370f\" data-id=\"c45370f\" data-element_type=\"column\">\n\t\t\t<div class=\"elementor-widget-wrap elementor-element-populated\">\n\t\t\t\t\t\t\t\t<div class=\"elementor-element elementor-element-ca61068 elementor-widget elementor-widget-heading\" data-id=\"ca61068\" data-element_type=\"widget\" data-widget_type=\"heading.default\">\n\t\t\t\t<div class=\"elementor-widget-container\">\n\t\t\t<h2 class=\"elementor-heading-title elementor-size-default\">Locations<\/h2>\t\t<\/div>\n\t\t\t\t<\/div>\n\t\t\t\t\t<\/div>\n\t\t<\/div>\n\t\t\t\t\t\t\t<\/div>\n\t\t<\/section>\n\t\t\t\t<section class=\"elementor-section elementor-top-section elementor-element elementor-element-2cbf30f elementor-section-boxed elementor-section-height-default elementor-section-height-default\" data-id=\"2cbf30f\" data-element_type=\"section\">\n\t\t\t\t\t\t<div class=\"elementor-container elementor-column-gap-default\">\n\t\t\t\t\t<div class=\"elementor-column elementor-col-33 elementor-top-column elementor-element elementor-element-82c6b0f\" data-id=\"82c6b0f\" data-element_type=\"column\">\n\t\t\t<div class=\"elementor-widget-wrap elementor-element-populated\">\n\t\t\t\t\t\t\t\t<div class=\"elementor-element elementor-element-e06517e elementor-widget elementor-widget-heading\" data-id=\"e06517e\" data-element_type=\"widget\" data-widget_type=\"heading.default\">\n\t\t\t\t<div class=\"elementor-widget-container\">\n\t\t\t<h2 class=\"elementor-heading-title elementor-size-default\">Mercan Store<\/h2>\t\t<\/div>\n\t\t\t\t<\/div>\n\t\t\t\t<div class=\"elementor-element elementor-element-a4e7921 elementor-widget elementor-widget-google_maps\" data-id=\"a4e7921\" data-element_type=\"widget\" data-widget_type=\"google_maps.default\">\n\t\t\t\t<div class=\"elementor-widget-container\">\n\t\t\t\t\t<div class=\"elementor-custom-embed\">\n\t\t\t<iframe frameborder=\"0\" scrolling=\"no\" marginheight=\"0\" marginwidth=\"0\" src=\"https:\/\/maps.google.com\/maps?q=canta%C5%9F%20mercan%20&amp;t=m&amp;z=15&amp;output=embed&amp;iwloc=near\" title=\"%3$s\" aria-label=\"%3$s\"><\/iframe>\n\t\t<\/div>\n\t\t\t\t<\/div>\n\t\t\t\t<\/div>\n\t\t\t\t<div class=\"elementor-element elementor-element-85f5e99 elementor-widget elementor-widget-text-editor\" data-id=\"85f5e99\" data-element_type=\"widget\" data-widget_type=\"text-editor.default\">\n\t\t\t\t<div class=\"elementor-widget-container\">\n\t\t\t\t\t\t\t\t<p>Bags &amp; luggage store located in historical Mercan district<\/p>\n<p>Mercan yoku\u015fu, Uzun \u00c7ar\u015f\u0131 Cd. No:34, 34116 Fatih\/\u0130stanbul<\/p>\n<p><strong>Working Hours:<\/strong> Monday &#8211; Saturday 10:00-17:45<\/p>\n\t\t\t\t\t\t<\/div>\n\t\t\t\t<\/div>\n\t\t\t\t\t<\/div>\n\t\t<\/div>\n\t\t\t\t<div class=\"elementor-column elementor-col-33 elementor-top-column elementor-element elementor-element-d9ef2ce\" data-id=\"d9ef2ce\" data-element_type=\"column\">\n\t\t\t<div class=\"elementor-widget-wrap elementor-element-populated\">\n\t\t\t\t\t\t\t\t<div class=\"elementor-element elementor-element-547ec2f elementor-widget elementor-widget-heading\" data-id=\"547ec2f\" data-element_type=\"widget\" data-widget_type=\"heading.default\">\n\t\t\t\t<div class=\"elementor-widget-container\">\n\t\t\t<h2 class=\"elementor-heading-title elementor-size-default\">Sirkeci Store<\/h2>\t\t<\/div>\n\t\t\t\t<\/div>\n\t\t\t\t<div class=\"elementor-element elementor-element-67b128c elementor-widget elementor-widget-google_maps\" data-id=\"67b128c\" data-element_type=\"widget\" data-widget_type=\"google_maps.default\">\n\t\t\t\t<div class=\"elementor-widget-container\">\n\t\t\t\t\t<div class=\"elementor-custom-embed\">\n\t\t\t<iframe frameborder=\"0\" scrolling=\"no\" marginheight=\"0\" marginwidth=\"0\" src=\"https:\/\/maps.google.com\/maps?q=Hobyar%2C%20B%C3%BCy%C3%BCk%20Postane%20Cd.%20No%3A58%20D%3A1%2C%2034112%20Fatih%20%2F%20%C4%B0STANBUL&amp;t=m&amp;z=15&amp;output=embed&amp;iwloc=near\" title=\"%3$s\" aria-label=\"%3$s\"><\/iframe>\n\t\t<\/div>\n\t\t\t\t<\/div>\n\t\t\t\t<\/div>\n\t\t\t\t<div class=\"elementor-element elementor-element-3f27c38 elementor-widget elementor-widget-text-editor\" data-id=\"3f27c38\" data-element_type=\"widget\" data-widget_type=\"text-editor.default\">\n\t\t\t\t<div class=\"elementor-widget-container\">\n\t\t\t\t\t\t\t\t<p>Lugggage store for approximately 100 years<\/p>\n<p><span style=\"color: var( --e-global-color-text ); font-family: var( --e-global-typography-text-font-family ), Sans-serif; font-weight: var( --e-global-typography-text-font-weight );\">Hobyar, B\u00fcy\u00fck Postahane Cd. No:58 D:1, 34112 Fatih\/\u0130stanbul&nbsp;<\/span><\/p>\n<p><strong>Working Hours:<\/strong> Monday &#8211; Saturday 10:00-17:45<span style=\"color: var( --e-global-color-text ); font-family: var( --e-global-typography-text-font-family ), Sans-serif; font-weight: var( --e-global-typography-text-font-weight );\"><br \/><\/span><\/p>\n\t\t\t\t\t\t<\/div>\n\t\t\t\t<\/div>\n\t\t\t\t\t<\/div>\n\t\t<\/div>\n\t\t\t\t<div class=\"elementor-column elementor-col-33 elementor-top-column elementor-element elementor-element-cdfa2d2\" data-id=\"cdfa2d2\" data-element_type=\"column\">\n\t\t\t<div class=\"elementor-widget-wrap elementor-element-populated\">\n\t\t\t\t\t\t\t\t<div class=\"elementor-element elementor-element-0cede57 elementor-widget elementor-widget-heading\" data-id=\"0cede57\" data-element_type=\"widget\" data-widget_type=\"heading.default\">\n\t\t\t\t<div class=\"elementor-widget-container\">\n\t\t\t<h2 class=\"elementor-heading-title elementor-size-default\">Production Plant<\/h2>\t\t<\/div>\n\t\t\t\t<\/div>\n\t\t\t\t<div class=\"elementor-element elementor-element-a3f43ec elementor-widget elementor-widget-google_maps\" data-id=\"a3f43ec\" data-element_type=\"widget\" data-widget_type=\"google_maps.default\">\n\t\t\t\t<div class=\"elementor-widget-container\">\n\t\t\t\t\t<div class=\"elementor-custom-embed\">\n\t\t\t<iframe frameborder=\"0\" scrolling=\"no\" marginheight=\"0\" marginwidth=\"0\" src=\"https:\/\/maps.google.com\/maps?q=canta%C5%9F%20saddlery&amp;t=m&amp;z=15&amp;output=embed&amp;iwloc=near\" title=\"%3$s\" aria-label=\"%3$s\"><\/iframe>\n\t\t<\/div>\n\t\t\t\t<\/div>\n\t\t\t\t<\/div>\n\t\t\t\t<div class=\"elementor-element elementor-element-d979e46 elementor-widget elementor-widget-text-editor\" data-id=\"d979e46\" data-element_type=\"widget\" data-widget_type=\"text-editor.default\">\n\t\t\t\t<div class=\"elementor-widget-container\">\n\t\t\t\t\t\t\t\t<p>15 Temmuz Mah. Fevzi \u00c7akmak Cad. No: 69 34540<br \/>Ba\u011fc\u0131lar \/ \u0130STANBUL<\/p>\n<p><strong>Working Hours: <\/strong>P.tesi-Cuma \/ 10:00-14:00<\/p>\n<p><strong>e-mail:<\/strong> cantas@cantas.com.tr<\/p>\n\t\t\t\t\t\t<\/div>\n\t\t\t\t<\/div>\n\t\t\t\t\t<\/div>\n\t\t<\/div>\n\t\t\t\t\t\t\t<\/div>\n\t\t<\/section>\n\t\t\t\t<section class=\"elementor-section elementor-top-section elementor-element elementor-element-1057781 elementor-section-boxed elementor-section-height-default elementor-section-height-default\" data-id=\"1057781\" data-element_type=\"section\">\n\t\t\t\t\t\t<div class=\"elementor-container elementor-column-gap-default\">\n\t\t\t\t\t<div class=\"elementor-column elementor-col-100 elementor-top-column elementor-element elementor-element-2f86560\" data-id=\"2f86560\" data-element_type=\"column\">\n\t\t\t<div class=\"elementor-widget-wrap\">\n\t\t\t\t\t\t\t\t\t<\/div>\n\t\t<\/div>\n\t\t\t\t\t\t\t<\/div>\n\t\t<\/section>\n\t\t\t\t\t\t<\/div>\n\t\t\t\t\t<\/div>\n\t\t","protected":false},"excerpt":{"rendered":"<p>Locations Mercan Store Bags &amp; luggage store located in historical Mercan district Mercan yoku\u015fu, Uzun \u00c7ar\u015f\u0131 Cd. No:34, 34116 Fatih\/\u0130stanbul Working Hours: Monday &#8211; Saturday 10:00-17:45 Sirkeci Store Lugggage store for approximately 100 years Hobyar, B\u00fcy\u00fck Postahane Cd. No:58 D:1, 34112 Fatih\/\u0130stanbul&nbsp; Working Hours: Monday &#8211; Saturday 10:00-17:45 Production Plant 15 Temmuz Mah. Fevzi \u00c7akmak &hellip;<\/p>\n","protected":false},"author":1,"featured_media":0,"parent":0,"menu_order":0,"comment_status":"closed","ping_status":"closed","template":"","meta":[],"yoast_head":"<!-- This site is optimized with the Yoast SEO plugin v18.5.1 - https:\/\/yoast.com\/wordpress\/plugins\/seo\/ -->\n<title>Contact Us - Canta\u015f Saraciye<\/title>\n<meta name=\"robots\" content=\"index, follow, max-snippet:-1, max-image-preview:large, max-video-preview:-1\" \/>\n<link rel=\"canonical\" href=\"http:\/\/cantas.com.tr\/index.php\/contact-us\/\" \/>\n<meta property=\"og:locale\" content=\"tr_TR\" \/>\n<meta property=\"og:type\" content=\"article\" \/>\n<meta property=\"og:title\" content=\"Contact Us - Canta\u015f Saraciye\" \/>\n<meta property=\"og:description\" content=\"Locations Mercan Store Bags &amp; luggage store located in historical Mercan district Mercan yoku\u015fu, Uzun \u00c7ar\u015f\u0131 Cd. No:34, 34116 Fatih\/\u0130stanbul Working Hours: Monday &#8211; Saturday 10:00-17:45 Sirkeci Store Lugggage store for approximately 100 years Hobyar, B\u00fcy\u00fck Postahane Cd. No:58 D:1, 34112 Fatih\/\u0130stanbul&nbsp; Working Hours: Monday &#8211; Saturday 10:00-17:45 Production Plant 15 Temmuz Mah. Fevzi \u00c7akmak &hellip;\" \/>\n<meta property=\"og:url\" content=\"http:\/\/cantas.com.tr\/index.php\/contact-us\/?lang=en\" \/>\n<meta property=\"og:site_name\" content=\"Canta\u015f Saraciye\" \/>\n<meta property=\"article:modified_time\" content=\"2021-08-26T07:41:49+00:00\" \/>\n<meta name=\"twitter:card\" content=\"summary_large_image\" \/>\n<script type=\"application\/ld+json\" class=\"yoast-schema-graph\">{\"@context\":\"https:\/\/schema.org\",\"@graph\":[{\"@type\":\"WebSite\",\"@id\":\"http:\/\/cantas.com.tr\/#website\",\"url\":\"http:\/\/cantas.com.tr\/\",\"name\":\"Canta\u015f Saraciye\",\"description\":\"Canta\u015f &Ccedil;anta Valiz C&uuml;zdan\",\"potentialAction\":[{\"@type\":\"SearchAction\",\"target\":{\"@type\":\"EntryPoint\",\"urlTemplate\":\"http:\/\/cantas.com.tr\/?s={search_term_string}\"},\"query-input\":\"required name=search_term_string\"}],\"inLanguage\":\"tr\"},{\"@type\":\"WebPage\",\"@id\":\"http:\/\/cantas.com.tr\/index.php\/contact-us\/?lang=en#webpage\",\"url\":\"http:\/\/cantas.com.tr\/index.php\/contact-us\/?lang=en\",\"name\":\"Contact Us - Canta\u015f Saraciye\",\"isPartOf\":{\"@id\":\"http:\/\/cantas.com.tr\/#website\"},\"datePublished\":\"2021-08-26T07:41:46+00:00\",\"dateModified\":\"2021-08-26T07:41:49+00:00\",\"breadcrumb\":{\"@id\":\"http:\/\/cantas.com.tr\/index.php\/contact-us\/?lang=en#breadcrumb\"},\"inLanguage\":\"tr\",\"potentialAction\":[{\"@type\":\"ReadAction\",\"target\":[\"http:\/\/cantas.com.tr\/index.php\/contact-us\/?lang=en\"]}]},{\"@type\":\"BreadcrumbList\",\"@id\":\"http:\/\/cantas.com.tr\/index.php\/contact-us\/?lang=en#breadcrumb\",\"itemListElement\":[{\"@type\":\"ListItem\",\"position\":1,\"name\":\"Anasayfa\",\"item\":\"http:\/\/cantas.com.tr\/\"},{\"@type\":\"ListItem\",\"position\":2,\"name\":\"Contact Us\"}]}]}<\/script>\n<!-- \/ Yoast SEO plugin. -->","yoast_head_json":{"title":"Contact Us - Canta\u015f Saraciye","robots":{"index":"index","follow":"follow","max-snippet":"max-snippet:-1","max-image-preview":"max-image-preview:large","max-video-preview":"max-video-preview:-1"},"canonical":"http:\/\/cantas.com.tr\/index.php\/contact-us\/","og_locale":"tr_TR","og_type":"article","og_title":"Contact Us - Canta\u015f Saraciye","og_description":"Locations Mercan Store Bags &amp; luggage store located in historical Mercan district Mercan yoku\u015fu, Uzun \u00c7ar\u015f\u0131 Cd. No:34, 34116 Fatih\/\u0130stanbul Working Hours: Monday &#8211; Saturday 10:00-17:45 Sirkeci Store Lugggage store for approximately 100 years Hobyar, B\u00fcy\u00fck Postahane Cd. No:58 D:1, 34112 Fatih\/\u0130stanbul&nbsp; Working Hours: Monday &#8211; Saturday 10:00-17:45 Production Plant 15 Temmuz Mah. Fevzi \u00c7akmak &hellip;","og_url":"http:\/\/cantas.com.tr\/index.php\/contact-us\/?lang=en","og_site_name":"Canta\u015f Saraciye","article_modified_time":"2021-08-26T07:41:49+00:00","twitter_card":"summary_large_image","schema":{"@context":"https:\/\/schema.org","@graph":[{"@type":"WebSite","@id":"http:\/\/cantas.com.tr\/#website","url":"http:\/\/cantas.com.tr\/","name":"Canta\u015f Saraciye","description":"Canta\u015f &Ccedil;anta Valiz C&uuml;zdan","potentialAction":[{"@type":"SearchAction","target":{"@type":"EntryPoint","urlTemplate":"http:\/\/cantas.com.tr\/?s={search_term_string}"},"query-input":"required name=search_term_string"}],"inLanguage":"tr"},{"@type":"WebPage","@id":"http:\/\/cantas.com.tr\/index.php\/contact-us\/?lang=en#webpage","url":"http:\/\/cantas.com.tr\/index.php\/contact-us\/?lang=en","name":"Contact Us - Canta\u015f Saraciye","isPartOf":{"@id":"http:\/\/cantas.com.tr\/#website"},"datePublished":"2021-08-26T07:41:46+00:00","dateModified":"2021-08-26T07:41:49+00:00","breadcrumb":{"@id":"http:\/\/cantas.com.tr\/index.php\/contact-us\/?lang=en#breadcrumb"},"inLanguage":"tr","potentialAction":[{"@type":"ReadAction","target":["http:\/\/cantas.com.tr\/index.php\/contact-us\/?lang=en"]}]},{"@type":"BreadcrumbList","@id":"http:\/\/cantas.com.tr\/index.php\/contact-us\/?lang=en#breadcrumb","itemListElement":[{"@type":"ListItem","position":1,"name":"Anasayfa","item":"http:\/\/cantas.com.tr\/"},{"@type":"ListItem","position":2,"name":"Contact Us"}]}]}},"_links":{"self":[{"href":"http:\/\/cantas.com.tr\/index.php\/wp-json\/wp\/v2\/pages\/346"}],"collection":[{"href":"http:\/\/cantas.com.tr\/index.php\/wp-json\/wp\/v2\/pages"}],"about":[{"href":"http:\/\/cantas.com.tr\/index.php\/wp-json\/wp\/v2\/types\/page"}],"author":[{"embeddable":true,"href":"http:\/\/cantas.com.tr\/index.php\/wp-json\/wp\/v2\/users\/1"}],"replies":[{"embeddable":true,"href":"http:\/\/cantas.com.tr\/index.php\/wp-json\/wp\/v2\/comments?post=346"}],"version-history":[{"count":8,"href":"http:\/\/cantas.com.tr\/index.php\/wp-json\/wp\/v2\/pages\/346\/revisions"}],"predecessor-version":[{"id":354,"href":"http:\/\/cantas.com.tr\/index.php\/wp-json\/wp\/v2\/pages\/346\/revisions\/354"}],"wp:attachment":[{"href":"http:\/\/cantas.com.tr\/index.php\/wp-json\/wp\/v2\/media?parent=346"}],"curies":[{"name":"wp","href":"https:\/\/api.w.org\/{rel}","templated":true}]}}